{"id":1084,"date":"2025-02-19T22:19:45","date_gmt":"2025-02-19T22:19:45","guid":{"rendered":"https:\/\/rexpart.com.tr\/?page_id=1084"},"modified":"2026-01-04T19:32:36","modified_gmt":"2026-01-04T19:32:36","slug":"rxp-driver","status":"publish","type":"page","link":"https:\/\/rexpart.com.tr\/en\/rxp-driver\/","title":{"rendered":"RXPHS200"},"content":{"rendered":"<div class=\"wpb-content-wrapper\"><p>[vc_row][vc_column width=&#8221;1\/2&#8243;][vc_gallery interval=&#8221;3&#8243; images=&#8221;1440,1441,1439&#8243; img_size=&#8221;full&#8221;][vc_empty_space height=&#8221;20&#8243;][\/vc_column][vc_column width=&#8221;1\/2&#8243;][vc_column_text]<\/p>\n<h4><span style=\"color: #000000;\"><strong>RXPH200<\/strong><\/span><\/h4>\n<p><span style=\"color: #000000;\"><strong>AIRLESS ELLE \u0130TMEL\u0130 YOL \u00c7\u0130ZG\u0130 MAK\u0130NES\u0130<\/strong><\/span><\/p>\n<p><span style=\"color: #000000;\">Motor : 5.5 Hp ipli benzinli motor<\/span><\/p>\n<p><span style=\"color: #000000;\">Boya Pompas\u0131 : 9 L\/dk debide 230 Bar maks bas\u0131n\u00e7ta hidrolik tahrikli boya pompas\u0131<\/span><\/p>\n<p><span style=\"color: #000000;\">Hareket Kabiliyeti : Elcik yard\u0131m\u0131 ile kilitlenebilir \u00f6n teker<\/span><\/p>\n<p><span style=\"color: #000000;\">Cam K\u00fcreci\u011fi Tank\u0131 : \u0130ste\u011fe ba\u011fl\u0131 olarak 15 L\u2019ye kadar cam k\u00fcreci\u011fi tank\u0131.<\/span><\/p>\n<p><span style=\"color: #000000;\">Cam K\u00fcreci\u011fi Aparat\u0131 : \u0130ste\u011fe ba\u011fl\u0131 olarak 10cm\u2019den 30cm\u2019ye kadar tetiklenebilir cam k\u00fcreci\u011fi aparat\u0131<\/span><\/p>\n<p><span style=\"color: #000000;\">\u00d6l\u00e7\u00fc ( U x G x Y mm ) : 1750 x 850 x 1100<\/span><\/p>\n<p><span style=\"color: #000000;\">A\u011f\u0131rl\u0131k : 95 Kg<\/span><\/p>\n<p>[\/vc_column_text][\/vc_column][vc_column][vc_empty_space height=&#8221;20&#8243;][\/vc_column][\/vc_row]<\/p>\n<\/div>","protected":false},"excerpt":{"rendered":"<p>[vc_row][vc_column width=&#8221;1\/2&#8243;][vc_gallery interval=&#8221;3&#8243; images=&#8221;1440,1441,1439&#8243; img_size=&#8221;full&#8221;][vc_empty_space height=&#8221;20&#8243;][\/vc_column][vc_column width=&#8221;1\/2&#8243;][vc_column_text] RXPH200 AIRLESS ELLE \u0130TMEL\u0130 YOL \u00c7\u0130ZG\u0130 MAK\u0130NES\u0130 Motor : 5.5 Hp ipli benzinli motor Boya Pompas\u0131 : 9 L\/dk debide 230 Bar maks bas\u0131n\u00e7ta hidrolik tahrikli boya pompas\u0131 Hareket Kabiliyeti : Elcik yard\u0131m\u0131 ile kilitlenebilir \u00f6n teker Cam K\u00fcreci\u011fi Tank\u0131 : \u0130ste\u011fe ba\u011fl\u0131 olarak 15 L\u2019ye kadar cam [&hellip;]<\/p>\n","protected":false},"author":1,"featured_media":0,"parent":0,"menu_order":0,"comment_status":"closed","ping_status":"closed","template":"","meta":{"footnotes":""},"class_list":["post-1084","page","type-page","status-publish","hentry"],"yoast_head":"<!-- This site is optimized with the Yoast SEO plugin v24.7 - https:\/\/yoast.com\/wordpress\/plugins\/seo\/ -->\n<title>RXPHS200 - Rexpart Makina Sanayi ve Ticaret<\/title>\n<meta name=\"robots\" content=\"index, follow, max-snippet:-1, max-image-preview:large, max-video-preview:-1\" \/>\n<link rel=\"canonical\" href=\"https:\/\/rexpart.com.tr\/en\/rxp-driver\/\" \/>\n<meta property=\"og:locale\" content=\"en_US\" \/>\n<meta property=\"og:locale:alternate\" content=\"tr_TR\" \/>\n<meta property=\"og:type\" content=\"article\" \/>\n<meta property=\"og:title\" content=\"RXPHS200\" \/>\n<meta property=\"og:description\" content=\"[vc_row][vc_column width=&#8221;1\/2&#8243;][vc_gallery interval=&#8221;3&#8243; images=&#8221;1440,1441,1439&#8243; img_size=&#8221;full&#8221;][vc_empty_space height=&#8221;20&#8243;][\/vc_column][vc_column width=&#8221;1\/2&#8243;][vc_column_text] RXPH200 AIRLESS ELLE \u0130TMEL\u0130 YOL \u00c7\u0130ZG\u0130 MAK\u0130NES\u0130 Motor : 5.5 Hp ipli benzinli motor Boya Pompas\u0131 : 9 L\/dk debide 230 Bar maks bas\u0131n\u00e7ta hidrolik tahrikli boya pompas\u0131 Hareket Kabiliyeti : Elcik yard\u0131m\u0131 ile kilitlenebilir \u00f6n teker Cam K\u00fcreci\u011fi Tank\u0131 : \u0130ste\u011fe ba\u011fl\u0131 olarak 15 L\u2019ye kadar cam [&hellip;]\" \/>\n<meta property=\"og:url\" content=\"https:\/\/rexpart.com.tr\/en\/rxp-driver\/\" \/>\n<meta property=\"og:site_name\" content=\"Rexpart Makina Sanayi ve Ticaret\" \/>\n<meta property=\"article:modified_time\" content=\"2026-01-04T19:32:36+00:00\" \/>\n<meta name=\"twitter:card\" content=\"summary_large_image\" \/>\n<meta name=\"twitter:label1\" content=\"Est. reading time\" \/>\n\t<meta name=\"twitter:data1\" content=\"1 minute\" \/>\n<script type=\"application\/ld+json\" class=\"yoast-schema-graph\">{\"@context\":\"https:\/\/schema.org\",\"@graph\":[{\"@type\":\"WebPage\",\"@id\":\"https:\/\/rexpart.com.tr\/rxp-driver\/\",\"url\":\"https:\/\/rexpart.com.tr\/rxp-driver\/\",\"name\":\"RXPHS200\",\"isPartOf\":{\"@id\":\"https:\/\/rexpart.com.tr\/#website\"},\"datePublished\":\"2025-02-19T22:19:45+00:00\",\"dateModified\":\"2026-01-04T19:32:36+00:00\",\"breadcrumb\":{\"@id\":\"https:\/\/rexpart.com.tr\/rxp-driver\/#breadcrumb\"},\"inLanguage\":\"en-US\",\"potentialAction\":[{\"@type\":\"ReadAction\",\"target\":[\"https:\/\/rexpart.com.tr\/rxp-driver\/\"]}]},{\"@type\":\"BreadcrumbList\",\"@id\":\"https:\/\/rexpart.com.tr\/rxp-driver\/#breadcrumb\",\"itemListElement\":[{\"@type\":\"ListItem\",\"position\":1,\"name\":\"Anasayfa\",\"item\":\"https:\/\/rexpart.com.tr\/en\/\"},{\"@type\":\"ListItem\",\"position\":2,\"name\":\"RXPHS200\"}]},{\"@type\":\"WebSite\",\"@id\":\"https:\/\/rexpart.com.tr\/#website\",\"url\":\"https:\/\/rexpart.com.tr\/\",\"name\":\"Rexpart Makina Sanayi ve Ticaret\",\"description\":\"\",\"publisher\":{\"@id\":\"https:\/\/rexpart.com.tr\/#organization\"},\"potentialAction\":[{\"@type\":\"SearchAction\",\"target\":{\"@type\":\"EntryPoint\",\"urlTemplate\":\"https:\/\/rexpart.com.tr\/?s={search_term_string}\"},\"query-input\":{\"@type\":\"PropertyValueSpecification\",\"valueRequired\":true,\"valueName\":\"search_term_string\"}}],\"inLanguage\":\"en-US\"},{\"@type\":\"Organization\",\"@id\":\"https:\/\/rexpart.com.tr\/#organization\",\"name\":\"Rexpart Makina Sanayi ve Ticaret\",\"url\":\"https:\/\/rexpart.com.tr\/\",\"logo\":{\"@type\":\"ImageObject\",\"inLanguage\":\"en-US\",\"@id\":\"https:\/\/rexpart.com.tr\/#\/schema\/logo\/image\/\",\"url\":\"https:\/\/rexpart.com.tr\/wp-content\/uploads\/2025\/03\/rexpart-makina-logo-2025.png\",\"contentUrl\":\"https:\/\/rexpart.com.tr\/wp-content\/uploads\/2025\/03\/rexpart-makina-logo-2025.png\",\"width\":300,\"height\":78,\"caption\":\"Rexpart Makina Sanayi ve Ticaret\"},\"image\":{\"@id\":\"https:\/\/rexpart.com.tr\/#\/schema\/logo\/image\/\"}}]}<\/script>\n<!-- \/ Yoast SEO plugin. -->","yoast_head_json":{"title":"RXPHS200 - Rexpart Makina Sanayi ve Ticaret","robots":{"index":"index","follow":"follow","max-snippet":"max-snippet:-1","max-image-preview":"max-image-preview:large","max-video-preview":"max-video-preview:-1"},"canonical":"https:\/\/rexpart.com.tr\/en\/rxp-driver\/","og_locale":"en_US","og_type":"article","og_title":"[:tr]RXPHS200[:en]RXPHS200[:] - Rexpart Makina Sanayi ve Ticaret","og_description":"[vc_row][vc_column width=&#8221;1\/2&#8243;][vc_gallery interval=&#8221;3&#8243; images=&#8221;1440,1441,1439&#8243; img_size=&#8221;full&#8221;][vc_empty_space height=&#8221;20&#8243;][\/vc_column][vc_column width=&#8221;1\/2&#8243;][vc_column_text] RXPH200 AIRLESS ELLE \u0130TMEL\u0130 YOL \u00c7\u0130ZG\u0130 MAK\u0130NES\u0130 Motor : 5.5 Hp ipli benzinli motor Boya Pompas\u0131 : 9 L\/dk debide 230 Bar maks bas\u0131n\u00e7ta hidrolik tahrikli boya pompas\u0131 Hareket Kabiliyeti : Elcik yard\u0131m\u0131 ile kilitlenebilir \u00f6n teker Cam K\u00fcreci\u011fi Tank\u0131 : \u0130ste\u011fe ba\u011fl\u0131 olarak 15 L\u2019ye kadar cam [&hellip;]","og_url":"https:\/\/rexpart.com.tr\/en\/rxp-driver\/","og_site_name":"Rexpart Makina Sanayi ve Ticaret","article_modified_time":"2026-01-04T19:32:36+00:00","twitter_card":"summary_large_image","twitter_misc":{"Est. reading time":"1 minute"},"schema":{"@context":"https:\/\/schema.org","@graph":[{"@type":"WebPage","@id":"https:\/\/rexpart.com.tr\/rxp-driver\/","url":"https:\/\/rexpart.com.tr\/rxp-driver\/","name":"RXPHS200","isPartOf":{"@id":"https:\/\/rexpart.com.tr\/#website"},"datePublished":"2025-02-19T22:19:45+00:00","dateModified":"2026-01-04T19:32:36+00:00","breadcrumb":{"@id":"https:\/\/rexpart.com.tr\/rxp-driver\/#breadcrumb"},"inLanguage":"en-US","potentialAction":[{"@type":"ReadAction","target":["https:\/\/rexpart.com.tr\/rxp-driver\/"]}]},{"@type":"BreadcrumbList","@id":"https:\/\/rexpart.com.tr\/rxp-driver\/#breadcrumb","itemListElement":[{"@type":"ListItem","position":1,"name":"Anasayfa","item":"https:\/\/rexpart.com.tr\/en\/"},{"@type":"ListItem","position":2,"name":"RXPHS200"}]},{"@type":"WebSite","@id":"https:\/\/rexpart.com.tr\/#website","url":"https:\/\/rexpart.com.tr\/","name":"Rexpart Makina Sanayi ve Ticaret","description":"","publisher":{"@id":"https:\/\/rexpart.com.tr\/#organization"},"potentialAction":[{"@type":"SearchAction","target":{"@type":"EntryPoint","urlTemplate":"https:\/\/rexpart.com.tr\/?s={search_term_string}"},"query-input":{"@type":"PropertyValueSpecification","valueRequired":true,"valueName":"search_term_string"}}],"inLanguage":"en-US"},{"@type":"Organization","@id":"https:\/\/rexpart.com.tr\/#organization","name":"Rexpart Makina Sanayi ve Ticaret","url":"https:\/\/rexpart.com.tr\/","logo":{"@type":"ImageObject","inLanguage":"en-US","@id":"https:\/\/rexpart.com.tr\/#\/schema\/logo\/image\/","url":"https:\/\/rexpart.com.tr\/wp-content\/uploads\/2025\/03\/rexpart-makina-logo-2025.png","contentUrl":"https:\/\/rexpart.com.tr\/wp-content\/uploads\/2025\/03\/rexpart-makina-logo-2025.png","width":300,"height":78,"caption":"Rexpart Makina Sanayi ve Ticaret"},"image":{"@id":"https:\/\/rexpart.com.tr\/#\/schema\/logo\/image\/"}}]}},"_links":{"self":[{"href":"https:\/\/rexpart.com.tr\/en\/wp-json\/wp\/v2\/pages\/1084","targetHints":{"allow":["GET"]}}],"collection":[{"href":"https:\/\/rexpart.com.tr\/en\/wp-json\/wp\/v2\/pages"}],"about":[{"href":"https:\/\/rexpart.com.tr\/en\/wp-json\/wp\/v2\/types\/page"}],"author":[{"embeddable":true,"href":"https:\/\/rexpart.com.tr\/en\/wp-json\/wp\/v2\/users\/1"}],"replies":[{"embeddable":true,"href":"https:\/\/rexpart.com.tr\/en\/wp-json\/wp\/v2\/comments?post=1084"}],"version-history":[{"count":14,"href":"https:\/\/rexpart.com.tr\/en\/wp-json\/wp\/v2\/pages\/1084\/revisions"}],"predecessor-version":[{"id":1676,"href":"https:\/\/rexpart.com.tr\/en\/wp-json\/wp\/v2\/pages\/1084\/revisions\/1676"}],"wp:attachment":[{"href":"https:\/\/rexpart.com.tr\/en\/wp-json\/wp\/v2\/media?parent=1084"}],"curies":[{"name":"wp","href":"https:\/\/api.w.org\/{rel}","templated":true}]}}