{"id":1649,"date":"2026-01-04T09:16:30","date_gmt":"2026-01-04T09:16:30","guid":{"rendered":"https:\/\/rexpart.com.tr\/?page_id=1649"},"modified":"2026-01-07T15:26:26","modified_gmt":"2026-01-07T15:26:26","slug":"kendinden-yurur-yol-cizgi-makineleri-1","status":"publish","type":"page","link":"https:\/\/rexpart.com.tr\/en\/kendinden-yurur-yol-cizgi-makineleri-1\/","title":{"rendered":"SELF PROPELLED ROAD MARKING MACHINES"},"content":{"rendered":"<div class=\"wpb-content-wrapper\"><p>[vc_row][vc_column width=&#8221;1\/3&#8243;][vc_single_image image=&#8221;1452&#8243; img_size=&#8221;full&#8221; alignment=&#8221;center&#8221; onclick=&#8221;custom_link&#8221; link=&#8221;https:\/\/rexpart.com.tr\/rxp100al\/&#8221;][vc_empty_space height=&#8221;10&#8243;][vc_column_text]<\/p>\n<h3 style=\"text-align: center;\"><a href=\"https:\/\/rexpart.com.tr\/rxp100al\/\"><span style=\"color: #000000;\"><strong>RXP100AL<\/strong><\/span><\/a><\/h3>\n<p>[\/vc_column_text][vc_empty_space height=&#8221;10&#8243;][\/vc_column][vc_column width=&#8221;1\/3&#8243;][vc_single_image image=&#8221;1457&#8243; img_size=&#8221;full&#8221; alignment=&#8221;center&#8221; onclick=&#8221;custom_link&#8221; link=&#8221;https:\/\/rexpart.com.tr\/rxp300al\/&#8221;][vc_empty_space height=&#8221;10&#8243;][vc_column_text]<\/p>\n<h3 style=\"text-align: center;\"><a href=\"https:\/\/rexpart.com.tr\/rxp300al\/\"><span style=\"color: #000000;\"><b>RXP300AL<\/b><\/span><\/a><\/h3>\n<p>[\/vc_column_text][vc_empty_space height=&#8221;10&#8243;][\/vc_column][vc_column width=&#8221;1\/3&#8243;][vc_single_image image=&#8221;1531&#8243; img_size=&#8221;full&#8221; alignment=&#8221;center&#8221; onclick=&#8221;custom_link&#8221; link=&#8221;https:\/\/rexpart.com.tr\/rxp400cp\/&#8221;][vc_empty_space height=&#8221;10&#8243;][vc_column_text]<\/p>\n<h3 style=\"text-align: center;\"><a href=\"https:\/\/rexpart.com.tr\/rxp400cp\/\"><span style=\"color: #000000;\"><b>RXP400CP<\/b><\/span><\/a><\/h3>\n<p>[\/vc_column_text][vc_empty_space height=&#8221;10&#8243;][\/vc_column][vc_column][vc_empty_space height=&#8221;10&#8243;][\/vc_column][\/vc_row]<\/p>\n<\/div>","protected":false},"excerpt":{"rendered":"<p>[vc_row][vc_column width=&#8221;1\/3&#8243;][vc_single_image image=&#8221;1452&#8243; img_size=&#8221;full&#8221; alignment=&#8221;center&#8221; onclick=&#8221;custom_link&#8221; link=&#8221;https:\/\/rexpart.com.tr\/rxp100al\/&#8221;][vc_empty_space height=&#8221;10&#8243;][vc_column_text] RXP100AL [\/vc_column_text][vc_empty_space height=&#8221;10&#8243;][\/vc_column][vc_column width=&#8221;1\/3&#8243;][vc_single_image image=&#8221;1457&#8243; img_size=&#8221;full&#8221; alignment=&#8221;center&#8221; onclick=&#8221;custom_link&#8221; link=&#8221;https:\/\/rexpart.com.tr\/rxp300al\/&#8221;][vc_empty_space height=&#8221;10&#8243;][vc_column_text] RXP300AL [\/vc_column_text][vc_empty_space height=&#8221;10&#8243;][\/vc_column][vc_column width=&#8221;1\/3&#8243;][vc_single_image image=&#8221;1531&#8243; img_size=&#8221;full&#8221; alignment=&#8221;center&#8221; onclick=&#8221;custom_link&#8221; link=&#8221;https:\/\/rexpart.com.tr\/rxp400cp\/&#8221;][vc_empty_space height=&#8221;10&#8243;][vc_column_text] RXP400CP [\/vc_column_text][vc_empty_space height=&#8221;10&#8243;][\/vc_column][vc_column][vc_empty_space height=&#8221;10&#8243;][\/vc_column][\/vc_row]<\/p>\n","protected":false},"author":1,"featured_media":0,"parent":0,"menu_order":0,"comment_status":"closed","ping_status":"closed","template":"","meta":{"footnotes":""},"class_list":["post-1649","page","type-page","status-publish","hentry"],"yoast_head":"<!-- This site is optimized with the Yoast SEO plugin v24.7 - https:\/\/yoast.com\/wordpress\/plugins\/seo\/ -->\n<title>SELF PROPELLED ROAD MARKING MACHINES - Rexpart Makina Sanayi ve Ticaret<\/title>\n<meta name=\"robots\" content=\"index, follow, max-snippet:-1, max-image-preview:large, max-video-preview:-1\" \/>\n<link rel=\"canonical\" href=\"https:\/\/rexpart.com.tr\/en\/kendinden-yurur-yol-cizgi-makineleri-1\/\" \/>\n<meta property=\"og:locale\" content=\"en_US\" \/>\n<meta property=\"og:locale:alternate\" content=\"tr_TR\" \/>\n<meta property=\"og:type\" content=\"article\" \/>\n<meta property=\"og:title\" content=\"SELF PROPELLED ROAD MARKING MACHINES\" \/>\n<meta property=\"og:description\" content=\"[vc_row][vc_column width=&#8221;1\/3&#8243;][vc_single_image image=&#8221;1452&#8243; img_size=&#8221;full&#8221; alignment=&#8221;center&#8221; onclick=&#8221;custom_link&#8221; link=&#8221;https:\/\/rexpart.com.tr\/rxp100al\/&#8221;][vc_empty_space height=&#8221;10&#8243;][vc_column_text] RXP100AL [\/vc_column_text][vc_empty_space height=&#8221;10&#8243;][\/vc_column][vc_column width=&#8221;1\/3&#8243;][vc_single_image image=&#8221;1457&#8243; img_size=&#8221;full&#8221; alignment=&#8221;center&#8221; onclick=&#8221;custom_link&#8221; link=&#8221;https:\/\/rexpart.com.tr\/rxp300al\/&#8221;][vc_empty_space height=&#8221;10&#8243;][vc_column_text] RXP300AL [\/vc_column_text][vc_empty_space height=&#8221;10&#8243;][\/vc_column][vc_column width=&#8221;1\/3&#8243;][vc_single_image image=&#8221;1531&#8243; img_size=&#8221;full&#8221; alignment=&#8221;center&#8221; onclick=&#8221;custom_link&#8221; link=&#8221;https:\/\/rexpart.com.tr\/rxp400cp\/&#8221;][vc_empty_space height=&#8221;10&#8243;][vc_column_text] RXP400CP [\/vc_column_text][vc_empty_space height=&#8221;10&#8243;][\/vc_column][vc_column][vc_empty_space height=&#8221;10&#8243;][\/vc_column][\/vc_row]\" \/>\n<meta property=\"og:url\" content=\"https:\/\/rexpart.com.tr\/en\/kendinden-yurur-yol-cizgi-makineleri-1\/\" \/>\n<meta property=\"og:site_name\" content=\"Rexpart Makina Sanayi ve Ticaret\" \/>\n<meta property=\"article:modified_time\" content=\"2026-01-07T15:26:26+00:00\" \/>\n<meta name=\"twitter:card\" content=\"summary_large_image\" \/>\n<meta name=\"twitter:label1\" content=\"Est. reading time\" \/>\n\t<meta name=\"twitter:data1\" content=\"1 minute\" \/>\n<script type=\"application\/ld+json\" class=\"yoast-schema-graph\">{\"@context\":\"https:\/\/schema.org\",\"@graph\":[{\"@type\":\"WebPage\",\"@id\":\"https:\/\/rexpart.com.tr\/en\/kendinden-yurur-yol-cizgi-makineleri-1\/\",\"url\":\"https:\/\/rexpart.com.tr\/en\/kendinden-yurur-yol-cizgi-makineleri-1\/\",\"name\":\"SELF PROPELLED ROAD MARKING MACHINES\",\"isPartOf\":{\"@id\":\"https:\/\/rexpart.com.tr\/#website\"},\"datePublished\":\"2026-01-04T09:16:30+00:00\",\"dateModified\":\"2026-01-07T15:26:26+00:00\",\"breadcrumb\":{\"@id\":\"https:\/\/rexpart.com.tr\/en\/kendinden-yurur-yol-cizgi-makineleri-1\/#breadcrumb\"},\"inLanguage\":\"en-US\",\"potentialAction\":[{\"@type\":\"ReadAction\",\"target\":[\"https:\/\/rexpart.com.tr\/en\/kendinden-yurur-yol-cizgi-makineleri-1\/\"]}]},{\"@type\":\"BreadcrumbList\",\"@id\":\"https:\/\/rexpart.com.tr\/en\/kendinden-yurur-yol-cizgi-makineleri-1\/#breadcrumb\",\"itemListElement\":[{\"@type\":\"ListItem\",\"position\":1,\"name\":\"Anasayfa\",\"item\":\"https:\/\/rexpart.com.tr\/en\/\"},{\"@type\":\"ListItem\",\"position\":2,\"name\":\"SELF PROPELLED ROAD MARKING MACHINES\"}]},{\"@type\":\"WebSite\",\"@id\":\"https:\/\/rexpart.com.tr\/#website\",\"url\":\"https:\/\/rexpart.com.tr\/\",\"name\":\"Rexpart Makina Sanayi ve Ticaret\",\"description\":\"\",\"publisher\":{\"@id\":\"https:\/\/rexpart.com.tr\/#organization\"},\"potentialAction\":[{\"@type\":\"SearchAction\",\"target\":{\"@type\":\"EntryPoint\",\"urlTemplate\":\"https:\/\/rexpart.com.tr\/?s={search_term_string}\"},\"query-input\":{\"@type\":\"PropertyValueSpecification\",\"valueRequired\":true,\"valueName\":\"search_term_string\"}}],\"inLanguage\":\"en-US\"},{\"@type\":\"Organization\",\"@id\":\"https:\/\/rexpart.com.tr\/#organization\",\"name\":\"Rexpart Makina Sanayi ve Ticaret\",\"url\":\"https:\/\/rexpart.com.tr\/\",\"logo\":{\"@type\":\"ImageObject\",\"inLanguage\":\"en-US\",\"@id\":\"https:\/\/rexpart.com.tr\/#\/schema\/logo\/image\/\",\"url\":\"https:\/\/rexpart.com.tr\/wp-content\/uploads\/2025\/03\/rexpart-makina-logo-2025.png\",\"contentUrl\":\"https:\/\/rexpart.com.tr\/wp-content\/uploads\/2025\/03\/rexpart-makina-logo-2025.png\",\"width\":300,\"height\":78,\"caption\":\"Rexpart Makina Sanayi ve Ticaret\"},\"image\":{\"@id\":\"https:\/\/rexpart.com.tr\/#\/schema\/logo\/image\/\"}}]}<\/script>\n<!-- \/ Yoast SEO plugin. -->","yoast_head_json":{"title":"SELF PROPELLED ROAD MARKING MACHINES - Rexpart Makina Sanayi ve Ticaret","robots":{"index":"index","follow":"follow","max-snippet":"max-snippet:-1","max-image-preview":"max-image-preview:large","max-video-preview":"max-video-preview:-1"},"canonical":"https:\/\/rexpart.com.tr\/en\/kendinden-yurur-yol-cizgi-makineleri-1\/","og_locale":"en_US","og_type":"article","og_title":"[:tr]KEND\u0130NDEN Y\u00dcR\u00dcR YOL \u00c7\u0130ZG\u0130 MAK\u0130NELER\u0130[:en]SELF PROPELLED ROAD MARKING MACHINES[:] - Rexpart Makina Sanayi ve Ticaret","og_description":"[vc_row][vc_column width=&#8221;1\/3&#8243;][vc_single_image image=&#8221;1452&#8243; img_size=&#8221;full&#8221; alignment=&#8221;center&#8221; onclick=&#8221;custom_link&#8221; link=&#8221;https:\/\/rexpart.com.tr\/rxp100al\/&#8221;][vc_empty_space height=&#8221;10&#8243;][vc_column_text] RXP100AL [\/vc_column_text][vc_empty_space height=&#8221;10&#8243;][\/vc_column][vc_column width=&#8221;1\/3&#8243;][vc_single_image image=&#8221;1457&#8243; img_size=&#8221;full&#8221; alignment=&#8221;center&#8221; onclick=&#8221;custom_link&#8221; link=&#8221;https:\/\/rexpart.com.tr\/rxp300al\/&#8221;][vc_empty_space height=&#8221;10&#8243;][vc_column_text] RXP300AL [\/vc_column_text][vc_empty_space height=&#8221;10&#8243;][\/vc_column][vc_column width=&#8221;1\/3&#8243;][vc_single_image image=&#8221;1531&#8243; img_size=&#8221;full&#8221; alignment=&#8221;center&#8221; onclick=&#8221;custom_link&#8221; link=&#8221;https:\/\/rexpart.com.tr\/rxp400cp\/&#8221;][vc_empty_space height=&#8221;10&#8243;][vc_column_text] RXP400CP [\/vc_column_text][vc_empty_space height=&#8221;10&#8243;][\/vc_column][vc_column][vc_empty_space height=&#8221;10&#8243;][\/vc_column][\/vc_row]","og_url":"https:\/\/rexpart.com.tr\/en\/kendinden-yurur-yol-cizgi-makineleri-1\/","og_site_name":"Rexpart Makina Sanayi ve Ticaret","article_modified_time":"2026-01-07T15:26:26+00:00","twitter_card":"summary_large_image","twitter_misc":{"Est. reading time":"1 minute"},"schema":{"@context":"https:\/\/schema.org","@graph":[{"@type":"WebPage","@id":"https:\/\/rexpart.com.tr\/en\/kendinden-yurur-yol-cizgi-makineleri-1\/","url":"https:\/\/rexpart.com.tr\/en\/kendinden-yurur-yol-cizgi-makineleri-1\/","name":"SELF PROPELLED ROAD MARKING MACHINES","isPartOf":{"@id":"https:\/\/rexpart.com.tr\/#website"},"datePublished":"2026-01-04T09:16:30+00:00","dateModified":"2026-01-07T15:26:26+00:00","breadcrumb":{"@id":"https:\/\/rexpart.com.tr\/en\/kendinden-yurur-yol-cizgi-makineleri-1\/#breadcrumb"},"inLanguage":"en-US","potentialAction":[{"@type":"ReadAction","target":["https:\/\/rexpart.com.tr\/en\/kendinden-yurur-yol-cizgi-makineleri-1\/"]}]},{"@type":"BreadcrumbList","@id":"https:\/\/rexpart.com.tr\/en\/kendinden-yurur-yol-cizgi-makineleri-1\/#breadcrumb","itemListElement":[{"@type":"ListItem","position":1,"name":"Anasayfa","item":"https:\/\/rexpart.com.tr\/en\/"},{"@type":"ListItem","position":2,"name":"SELF PROPELLED ROAD MARKING MACHINES"}]},{"@type":"WebSite","@id":"https:\/\/rexpart.com.tr\/#website","url":"https:\/\/rexpart.com.tr\/","name":"Rexpart Makina Sanayi ve Ticaret","description":"","publisher":{"@id":"https:\/\/rexpart.com.tr\/#organization"},"potentialAction":[{"@type":"SearchAction","target":{"@type":"EntryPoint","urlTemplate":"https:\/\/rexpart.com.tr\/?s={search_term_string}"},"query-input":{"@type":"PropertyValueSpecification","valueRequired":true,"valueName":"search_term_string"}}],"inLanguage":"en-US"},{"@type":"Organization","@id":"https:\/\/rexpart.com.tr\/#organization","name":"Rexpart Makina Sanayi ve Ticaret","url":"https:\/\/rexpart.com.tr\/","logo":{"@type":"ImageObject","inLanguage":"en-US","@id":"https:\/\/rexpart.com.tr\/#\/schema\/logo\/image\/","url":"https:\/\/rexpart.com.tr\/wp-content\/uploads\/2025\/03\/rexpart-makina-logo-2025.png","contentUrl":"https:\/\/rexpart.com.tr\/wp-content\/uploads\/2025\/03\/rexpart-makina-logo-2025.png","width":300,"height":78,"caption":"Rexpart Makina Sanayi ve Ticaret"},"image":{"@id":"https:\/\/rexpart.com.tr\/#\/schema\/logo\/image\/"}}]}},"_links":{"self":[{"href":"https:\/\/rexpart.com.tr\/en\/wp-json\/wp\/v2\/pages\/1649","targetHints":{"allow":["GET"]}}],"collection":[{"href":"https:\/\/rexpart.com.tr\/en\/wp-json\/wp\/v2\/pages"}],"about":[{"href":"https:\/\/rexpart.com.tr\/en\/wp-json\/wp\/v2\/types\/page"}],"author":[{"embeddable":true,"href":"https:\/\/rexpart.com.tr\/en\/wp-json\/wp\/v2\/users\/1"}],"replies":[{"embeddable":true,"href":"https:\/\/rexpart.com.tr\/en\/wp-json\/wp\/v2\/comments?post=1649"}],"version-history":[{"count":6,"href":"https:\/\/rexpart.com.tr\/en\/wp-json\/wp\/v2\/pages\/1649\/revisions"}],"predecessor-version":[{"id":1730,"href":"https:\/\/rexpart.com.tr\/en\/wp-json\/wp\/v2\/pages\/1649\/revisions\/1730"}],"wp:attachment":[{"href":"https:\/\/rexpart.com.tr\/en\/wp-json\/wp\/v2\/media?parent=1649"}],"curies":[{"name":"wp","href":"https:\/\/api.w.org\/{rel}","templated":true}]}}