{"id":1680,"date":"2026-01-04T19:50:22","date_gmt":"2026-01-04T19:50:22","guid":{"rendered":"https:\/\/rexpart.com.tr\/?page_id=1680"},"modified":"2026-01-04T19:50:22","modified_gmt":"2026-01-04T19:50:22","slug":"rxp1500","status":"publish","type":"page","link":"https:\/\/rexpart.com.tr\/en\/rxp1500\/","title":{"rendered":"RXP1500"},"content":{"rendered":"<div class=\"wpb-content-wrapper\"><p>[vc_row][vc_column width=&#8221;1\/2&#8243;][vc_single_image image=&#8221;1681&#8243; img_size=&#8221;full&#8221; alignment=&#8221;center&#8221; onclick=&#8221;link_image&#8221;][\/vc_column][vc_column width=&#8221;1\/2&#8243;][vc_column_text]<\/p>\n<h4><strong><span style=\"color: #000000;\">RXP1500<\/span><\/strong><\/h4>\n<p><span style=\"color: #000000;\">Motor : 18 Hp su veya hava so\u011futmal\u0131 benzinli veya dizel motor.<\/span><\/p>\n<p><span style=\"color: #000000;\">Kompres\u00f6r : 300 L\/dk 8 bar hava \u00fcretimi sa\u011flayan kompres\u00f6r.<\/span><\/p>\n<p><span style=\"color: #000000;\">Bas\u0131n\u00e7l\u0131 Cam K\u00fcreci\u011fi Tank\u0131 : 300 L ( maks. 3 bar )<\/span><\/p>\n<p><span style=\"color: #000000;\">Boya Tank\u0131 : 750 L x 2<\/span><\/p>\n<p><span style=\"color: #000000;\">Boya Pompas\u0131 : 19 L\/dk x 2 debide 230 Bar maks bas\u0131n\u00e7ta hidrolik tahrikli boya pompas\u0131<\/span><\/p>\n<p><span style=\"color: #000000;\">\u00d6l\u00e7\u00fc ( U x G x Y mm ) : 4000 x 2000 x 2200 ( Kamyon hari\u00e7 )<\/span><\/p>\n<p><span style=\"color: #000000;\">A\u011f\u0131rl\u0131k : 3000 kg ( Kamyon hari\u00e7 )<\/span>[\/vc_column_text][\/vc_column][\/vc_row]<\/p>\n<\/div>","protected":false},"excerpt":{"rendered":"<p>[vc_row][vc_column width=&#8221;1\/2&#8243;][vc_single_image image=&#8221;1681&#8243; img_size=&#8221;full&#8221; alignment=&#8221;center&#8221; onclick=&#8221;link_image&#8221;][\/vc_column][vc_column width=&#8221;1\/2&#8243;][vc_column_text] RXP1500 Motor : 18 Hp su veya hava so\u011futmal\u0131 benzinli veya dizel motor. Kompres\u00f6r : 300 L\/dk 8 bar hava \u00fcretimi sa\u011flayan kompres\u00f6r. Bas\u0131n\u00e7l\u0131 Cam K\u00fcreci\u011fi Tank\u0131 : 300 L ( maks. 3 bar ) Boya Tank\u0131 : 750 L x 2 Boya Pompas\u0131 : 19 L\/dk x [&hellip;]<\/p>\n","protected":false},"author":1,"featured_media":0,"parent":0,"menu_order":0,"comment_status":"closed","ping_status":"closed","template":"","meta":{"footnotes":""},"class_list":["post-1680","page","type-page","status-publish","hentry"],"yoast_head":"<!-- This site is optimized with the Yoast SEO plugin v24.7 - https:\/\/yoast.com\/wordpress\/plugins\/seo\/ -->\n<title>RXP1500 - Rexpart Makina Sanayi ve Ticaret<\/title>\n<meta name=\"robots\" content=\"index, follow, max-snippet:-1, max-image-preview:large, max-video-preview:-1\" \/>\n<link rel=\"canonical\" href=\"https:\/\/rexpart.com.tr\/en\/rxp1500\/\" \/>\n<meta property=\"og:locale\" content=\"en_US\" \/>\n<meta property=\"og:locale:alternate\" content=\"tr_TR\" \/>\n<meta property=\"og:type\" content=\"article\" \/>\n<meta property=\"og:title\" content=\"RXP1500\" \/>\n<meta property=\"og:description\" content=\"[vc_row][vc_column width=&#8221;1\/2&#8243;][vc_single_image image=&#8221;1681&#8243; img_size=&#8221;full&#8221; alignment=&#8221;center&#8221; onclick=&#8221;link_image&#8221;][\/vc_column][vc_column width=&#8221;1\/2&#8243;][vc_column_text] RXP1500 Motor : 18 Hp su veya hava so\u011futmal\u0131 benzinli veya dizel motor. Kompres\u00f6r : 300 L\/dk 8 bar hava \u00fcretimi sa\u011flayan kompres\u00f6r. Bas\u0131n\u00e7l\u0131 Cam K\u00fcreci\u011fi Tank\u0131 : 300 L ( maks. 3 bar ) Boya Tank\u0131 : 750 L x 2 Boya Pompas\u0131 : 19 L\/dk x [&hellip;]\" \/>\n<meta property=\"og:url\" content=\"https:\/\/rexpart.com.tr\/en\/rxp1500\/\" \/>\n<meta property=\"og:site_name\" content=\"Rexpart Makina Sanayi ve Ticaret\" \/>\n<meta name=\"twitter:card\" content=\"summary_large_image\" \/>\n<meta name=\"twitter:label1\" content=\"Est. reading time\" \/>\n\t<meta name=\"twitter:data1\" content=\"1 minute\" \/>\n<script type=\"application\/ld+json\" class=\"yoast-schema-graph\">{\"@context\":\"https:\/\/schema.org\",\"@graph\":[{\"@type\":\"WebPage\",\"@id\":\"https:\/\/rexpart.com.tr\/rxp1500\/\",\"url\":\"https:\/\/rexpart.com.tr\/rxp1500\/\",\"name\":\"RXP1500\",\"isPartOf\":{\"@id\":\"https:\/\/rexpart.com.tr\/#website\"},\"datePublished\":\"2026-01-04T19:50:22+00:00\",\"breadcrumb\":{\"@id\":\"https:\/\/rexpart.com.tr\/rxp1500\/#breadcrumb\"},\"inLanguage\":\"en-US\",\"potentialAction\":[{\"@type\":\"ReadAction\",\"target\":[\"https:\/\/rexpart.com.tr\/rxp1500\/\"]}]},{\"@type\":\"BreadcrumbList\",\"@id\":\"https:\/\/rexpart.com.tr\/rxp1500\/#breadcrumb\",\"itemListElement\":[{\"@type\":\"ListItem\",\"position\":1,\"name\":\"Anasayfa\",\"item\":\"https:\/\/rexpart.com.tr\/en\/\"},{\"@type\":\"ListItem\",\"position\":2,\"name\":\"RXP1500\"}]},{\"@type\":\"WebSite\",\"@id\":\"https:\/\/rexpart.com.tr\/#website\",\"url\":\"https:\/\/rexpart.com.tr\/\",\"name\":\"Rexpart Makina Sanayi ve Ticaret\",\"description\":\"\",\"publisher\":{\"@id\":\"https:\/\/rexpart.com.tr\/#organization\"},\"potentialAction\":[{\"@type\":\"SearchAction\",\"target\":{\"@type\":\"EntryPoint\",\"urlTemplate\":\"https:\/\/rexpart.com.tr\/?s={search_term_string}\"},\"query-input\":{\"@type\":\"PropertyValueSpecification\",\"valueRequired\":true,\"valueName\":\"search_term_string\"}}],\"inLanguage\":\"en-US\"},{\"@type\":\"Organization\",\"@id\":\"https:\/\/rexpart.com.tr\/#organization\",\"name\":\"Rexpart Makina Sanayi ve Ticaret\",\"url\":\"https:\/\/rexpart.com.tr\/\",\"logo\":{\"@type\":\"ImageObject\",\"inLanguage\":\"en-US\",\"@id\":\"https:\/\/rexpart.com.tr\/#\/schema\/logo\/image\/\",\"url\":\"https:\/\/rexpart.com.tr\/wp-content\/uploads\/2025\/03\/rexpart-makina-logo-2025.png\",\"contentUrl\":\"https:\/\/rexpart.com.tr\/wp-content\/uploads\/2025\/03\/rexpart-makina-logo-2025.png\",\"width\":300,\"height\":78,\"caption\":\"Rexpart Makina Sanayi ve Ticaret\"},\"image\":{\"@id\":\"https:\/\/rexpart.com.tr\/#\/schema\/logo\/image\/\"}}]}<\/script>\n<!-- \/ Yoast SEO plugin. -->","yoast_head_json":{"title":"RXP1500 - Rexpart Makina Sanayi ve Ticaret","robots":{"index":"index","follow":"follow","max-snippet":"max-snippet:-1","max-image-preview":"max-image-preview:large","max-video-preview":"max-video-preview:-1"},"canonical":"https:\/\/rexpart.com.tr\/en\/rxp1500\/","og_locale":"en_US","og_type":"article","og_title":"[:tr]RXP1500[:] - Rexpart Makina Sanayi ve Ticaret","og_description":"[vc_row][vc_column width=&#8221;1\/2&#8243;][vc_single_image image=&#8221;1681&#8243; img_size=&#8221;full&#8221; alignment=&#8221;center&#8221; onclick=&#8221;link_image&#8221;][\/vc_column][vc_column width=&#8221;1\/2&#8243;][vc_column_text] RXP1500 Motor : 18 Hp su veya hava so\u011futmal\u0131 benzinli veya dizel motor. Kompres\u00f6r : 300 L\/dk 8 bar hava \u00fcretimi sa\u011flayan kompres\u00f6r. Bas\u0131n\u00e7l\u0131 Cam K\u00fcreci\u011fi Tank\u0131 : 300 L ( maks. 3 bar ) Boya Tank\u0131 : 750 L x 2 Boya Pompas\u0131 : 19 L\/dk x [&hellip;]","og_url":"https:\/\/rexpart.com.tr\/en\/rxp1500\/","og_site_name":"Rexpart Makina Sanayi ve Ticaret","twitter_card":"summary_large_image","twitter_misc":{"Est. reading time":"1 minute"},"schema":{"@context":"https:\/\/schema.org","@graph":[{"@type":"WebPage","@id":"https:\/\/rexpart.com.tr\/rxp1500\/","url":"https:\/\/rexpart.com.tr\/rxp1500\/","name":"RXP1500","isPartOf":{"@id":"https:\/\/rexpart.com.tr\/#website"},"datePublished":"2026-01-04T19:50:22+00:00","breadcrumb":{"@id":"https:\/\/rexpart.com.tr\/rxp1500\/#breadcrumb"},"inLanguage":"en-US","potentialAction":[{"@type":"ReadAction","target":["https:\/\/rexpart.com.tr\/rxp1500\/"]}]},{"@type":"BreadcrumbList","@id":"https:\/\/rexpart.com.tr\/rxp1500\/#breadcrumb","itemListElement":[{"@type":"ListItem","position":1,"name":"Anasayfa","item":"https:\/\/rexpart.com.tr\/en\/"},{"@type":"ListItem","position":2,"name":"RXP1500"}]},{"@type":"WebSite","@id":"https:\/\/rexpart.com.tr\/#website","url":"https:\/\/rexpart.com.tr\/","name":"Rexpart Makina Sanayi ve Ticaret","description":"","publisher":{"@id":"https:\/\/rexpart.com.tr\/#organization"},"potentialAction":[{"@type":"SearchAction","target":{"@type":"EntryPoint","urlTemplate":"https:\/\/rexpart.com.tr\/?s={search_term_string}"},"query-input":{"@type":"PropertyValueSpecification","valueRequired":true,"valueName":"search_term_string"}}],"inLanguage":"en-US"},{"@type":"Organization","@id":"https:\/\/rexpart.com.tr\/#organization","name":"Rexpart Makina Sanayi ve Ticaret","url":"https:\/\/rexpart.com.tr\/","logo":{"@type":"ImageObject","inLanguage":"en-US","@id":"https:\/\/rexpart.com.tr\/#\/schema\/logo\/image\/","url":"https:\/\/rexpart.com.tr\/wp-content\/uploads\/2025\/03\/rexpart-makina-logo-2025.png","contentUrl":"https:\/\/rexpart.com.tr\/wp-content\/uploads\/2025\/03\/rexpart-makina-logo-2025.png","width":300,"height":78,"caption":"Rexpart Makina Sanayi ve Ticaret"},"image":{"@id":"https:\/\/rexpart.com.tr\/#\/schema\/logo\/image\/"}}]}},"_links":{"self":[{"href":"https:\/\/rexpart.com.tr\/en\/wp-json\/wp\/v2\/pages\/1680","targetHints":{"allow":["GET"]}}],"collection":[{"href":"https:\/\/rexpart.com.tr\/en\/wp-json\/wp\/v2\/pages"}],"about":[{"href":"https:\/\/rexpart.com.tr\/en\/wp-json\/wp\/v2\/types\/page"}],"author":[{"embeddable":true,"href":"https:\/\/rexpart.com.tr\/en\/wp-json\/wp\/v2\/users\/1"}],"replies":[{"embeddable":true,"href":"https:\/\/rexpart.com.tr\/en\/wp-json\/wp\/v2\/comments?post=1680"}],"version-history":[{"count":1,"href":"https:\/\/rexpart.com.tr\/en\/wp-json\/wp\/v2\/pages\/1680\/revisions"}],"predecessor-version":[{"id":1682,"href":"https:\/\/rexpart.com.tr\/en\/wp-json\/wp\/v2\/pages\/1680\/revisions\/1682"}],"wp:attachment":[{"href":"https:\/\/rexpart.com.tr\/en\/wp-json\/wp\/v2\/media?parent=1680"}],"curies":[{"name":"wp","href":"https:\/\/api.w.org\/{rel}","templated":true}]}}